{"id":134,"date":"2018-11-14T21:51:05","date_gmt":"2018-11-14T20:51:05","guid":{"rendered":"http:\/\/www.ecgard.fr\/wpec\/?page_id=134"},"modified":"2018-11-14T22:04:23","modified_gmt":"2018-11-14T21:04:23","slug":"ugsel","status":"publish","type":"page","link":"https:\/\/www.ecgard.fr\/wpec\/ugsel\/","title":{"rendered":"UGSEL"},"content":{"rendered":"<p>Union G\u00e9n\u00e9rale Sportive de l\u2019Enseignement Libre<br \/>\n24 rue Bri\u00e7onnet &#8211; BP 90 148<br \/>\n30011 NIMES Esplanade<\/p>\n<p style=\"text-align: justify;\">L\u2019Ugsel participe \u00e0 la mission \u00e9ducative de l\u2019Enseignement catholique\u00a0qui contribue au service public d\u2019\u00e9ducation. Elle se situe au carrefour du Service public d\u2019\u00e9ducation et du Mouvement sportif auquel elle appartient par son adh\u00e9sion au Comit\u00e9 national olympique et sportif fran\u00e7ais.<br \/>\nL\u2019Ugsel est identifi\u00e9e par le Statut de l\u2019Enseignement catholique comme organisme national indispensable \u00e0 son bon fonctionnement, comme association partenaire de son animation institutionnelle et f\u00e9d\u00e9ration sportive \u00e9ducative.<\/p>\n<p>&nbsp;<\/p>\n<p><img loading=\"lazy\" decoding=\"async\" class=\"alignnone size-medium wp-image-136\" src=\"https:\/\/www.ecgard.fr\/wpec\/wp-content\/uploads\/2018\/11\/logo_ugsel-300x300.png\" alt=\"\" width=\"300\" height=\"300\" srcset=\"https:\/\/www.ecgard.fr\/wpec\/wp-content\/uploads\/2018\/11\/logo_ugsel-300x300.png 300w, https:\/\/www.ecgard.fr\/wpec\/wp-content\/uploads\/2018\/11\/logo_ugsel-150x150.png 150w, https:\/\/www.ecgard.fr\/wpec\/wp-content\/uploads\/2018\/11\/logo_ugsel-500x500.png 500w, https:\/\/www.ecgard.fr\/wpec\/wp-content\/uploads\/2018\/11\/logo_ugsel.png 556w\" sizes=\"auto, (max-width: 300px) 100vw, 300px\" \/><\/p>\n","protected":false},"excerpt":{"rendered":"<p>Union G\u00e9n\u00e9rale Sportive de l\u2019Enseignement Libre 24 rue Bri\u00e7onnet &#8211; BP 90 148 30011 NIMES Esplanade L\u2019Ugsel participe \u00e0 la mission \u00e9ducative de l\u2019Enseignement catholique\u00a0qui contribue au service public d\u2019\u00e9ducation. Elle se situe au carrefour du Service public d\u2019\u00e9ducation et du Mouvement sportif auquel elle appartient par son adh\u00e9sion au Comit\u00e9 national [&#8230;]<\/p>\n","protected":false},"author":2,"featured_media":0,"parent":0,"menu_order":0,"comment_status":"closed","ping_status":"closed","template":"","meta":{"footnotes":""},"class_list":["post-134","page","type-page","status-publish","hentry"],"_links":{"self":[{"href":"https:\/\/www.ecgard.fr\/wpec\/wp-json\/wp\/v2\/pages\/134","targetHints":{"allow":["GET"]}}],"collection":[{"href":"https:\/\/www.ecgard.fr\/wpec\/wp-json\/wp\/v2\/pages"}],"about":[{"href":"https:\/\/www.ecgard.fr\/wpec\/wp-json\/wp\/v2\/types\/page"}],"author":[{"embeddable":true,"href":"https:\/\/www.ecgard.fr\/wpec\/wp-json\/wp\/v2\/users\/2"}],"replies":[{"embeddable":true,"href":"https:\/\/www.ecgard.fr\/wpec\/wp-json\/wp\/v2\/comments?post=134"}],"version-history":[{"count":4,"href":"https:\/\/www.ecgard.fr\/wpec\/wp-json\/wp\/v2\/pages\/134\/revisions"}],"predecessor-version":[{"id":139,"href":"https:\/\/www.ecgard.fr\/wpec\/wp-json\/wp\/v2\/pages\/134\/revisions\/139"}],"wp:attachment":[{"href":"https:\/\/www.ecgard.fr\/wpec\/wp-json\/wp\/v2\/media?parent=134"}],"curies":[{"name":"wp","href":"https:\/\/api.w.org\/{rel}","templated":true}]}}