{"id":141,"date":"2018-11-14T22:07:34","date_gmt":"2018-11-14T21:07:34","guid":{"rendered":"http:\/\/www.ecgard.fr\/wpec\/?page_id=141"},"modified":"2025-02-11T11:38:39","modified_gmt":"2025-02-11T10:38:39","slug":"enseignement-superieur","status":"publish","type":"page","link":"https:\/\/www.ecgard.fr\/wpec\/enseignement-superieur\/","title":{"rendered":"Enseignement sup\u00e9rieur"},"content":{"rendered":"\n<ul class=\"wp-block-list\">\n<li><a href=\"https:\/\/bellevue-marierivier.fr\/\">Institution Bellevue &#8211; Marie Rivier &#8211; Al\u00e8s<\/a> : BTS\u00a0 Gestion PME PMI<\/li>\n\n\n\n<li><a href=\"http:\/\/www.lyceedelasalle.com\/enseignement-superieur\" target=\"_blank\" rel=\"noopener\">Lyc\u00e9e De La Salle &#8211; Al\u00e8s<\/a> : BTS CIRA Contr\u00f4le Industriel et R\u00e9gulation Automatique &#8211; BTS Maintenance des V\u00e9hicules &#8211; BTS MS Maintenance des Syst\u00e8mes &#8211; BTS FED Fluides \u00c9nergies Domotique &#8211; Licence Expertise B\u00e2timent &#8211; BTS Proth\u00e9siste &#8211; Orth\u00e9siste<\/li>\n\n\n\n<li><a href=\"http:\/\/www.lppbsm.eu\/\" target=\"_blank\" rel=\"noopener\">Lyc\u00e9e Sainte Marie &#8211; Bagnols sur C\u00e8ze<\/a> : M\u00e9tiers de la Chimie &#8211; M\u00e9tiers de l&rsquo;Eau &#8211; Pilotage des Proc\u00e9d\u00e9s<\/li>\n\n\n\n<li><a href=\"https:\/\/www.dalzon.com\/esup-cpge-bts\" target=\"_blank\" rel=\"noopener\">Institut Emmanuel d&rsquo;Alzon &#8211; N\u00eemes<\/a> : Classes pr\u00e9paratoires : Litt\u00e9raire option artistique \/ Economique et commerciale \/ Ecoles v\u00e9t\u00e9rinaires et agronomiques \/ Scientifique MPSI \/ Adaptation Technicien Sup\u00e9rieur \/ Adaptation pour les bacheliers professionnels aux classes pr\u00e9paratoires et aux grandes \u00e9coles scientifiques &#8211; BTS : Opticien Lunetier \/ FED Fluides \u00c9nergies Domotique \/ MS Maintenance des Syst\u00e8mes \/ A\u00e9ronautique<\/li>\n\n\n\n<li><a href=\"http:\/\/www.lppasteur.fr\/formation-en-apprentissage\" target=\"_blank\" rel=\"noopener\">Lyc\u00e9e Pasteur &#8211; La Grand Combe<\/a> : BTS Services et Prestations des Secteurs Sanitaire et Social \/ BTS MOS Management op\u00e9rationnel de la s\u00e9curit\u00e9 \/ BTS PI Professions immobili\u00e8res \/ <\/li>\n\n\n\n<li><a href=\"https:\/\/www.preparts.fr\/\" target=\"_blank\" rel=\"noopener\">Institut St Stanislas &#8211; N\u00eemes<\/a> : Cin\u00e9-Photo-Son : la pr\u00e9pa aux grandes \u00e9coles et formations s\u00e9lectives dans les domaines du Cin\u00e9ma, de la Photographie et du Son : <a href=\"http:\/\/www.cinephotoson.com\">www.cinephotoson.com<\/a><br>BTS Commerce International par apprentissage<br>BTS Gestion de la PME par apprentissage<br><a href=\"https:\/\/www.bts-ci.com\/\" target=\"_blank\" rel=\"noreferrer noopener\">https:\/\/www.bts-ci.com\/<\/a><\/li>\n\n\n\n<li><a href=\"https:\/\/www.vincentdepaul30.com\/accueil\" target=\"_blank\" rel=\"noreferrer noopener\">Lyc\u00e9e St Vincent de Paul &#8211; N\u00eemes<\/a> : BTS Support \u00e0 l&rsquo;Action Manag\u00e9riale (SAM) &#8211; BTS Comptabilit\u00e9 Gestion &#8211; <br>BTS Tourisme &#8211; Licence Pro\u00a0 M\u00e9diation du Patrimoine Historique et Arch\u00e9ologique &#8211; <br>BTS Management des Unit\u00e9s Commerciales &#8211; DCG Dipl\u00f4me de Comptabilit\u00e9 et de Gestion &#8211; <br>Bachelor Management &amp; Business International &#8211; Titre RNCP niveau II, Responsable de gestion de la paie et du social<\/li>\n<\/ul>\n\n\n\n<p><\/p>\n","protected":false},"excerpt":{"rendered":"","protected":false},"author":2,"featured_media":0,"parent":0,"menu_order":0,"comment_status":"closed","ping_status":"closed","template":"","meta":{"footnotes":""},"class_list":["post-141","page","type-page","status-publish","hentry"],"_links":{"self":[{"href":"https:\/\/www.ecgard.fr\/wpec\/wp-json\/wp\/v2\/pages\/141","targetHints":{"allow":["GET"]}}],"collection":[{"href":"https:\/\/www.ecgard.fr\/wpec\/wp-json\/wp\/v2\/pages"}],"about":[{"href":"https:\/\/www.ecgard.fr\/wpec\/wp-json\/wp\/v2\/types\/page"}],"author":[{"embeddable":true,"href":"https:\/\/www.ecgard.fr\/wpec\/wp-json\/wp\/v2\/users\/2"}],"replies":[{"embeddable":true,"href":"https:\/\/www.ecgard.fr\/wpec\/wp-json\/wp\/v2\/comments?post=141"}],"version-history":[{"count":19,"href":"https:\/\/www.ecgard.fr\/wpec\/wp-json\/wp\/v2\/pages\/141\/revisions"}],"predecessor-version":[{"id":1546,"href":"https:\/\/www.ecgard.fr\/wpec\/wp-json\/wp\/v2\/pages\/141\/revisions\/1546"}],"wp:attachment":[{"href":"https:\/\/www.ecgard.fr\/wpec\/wp-json\/wp\/v2\/media?parent=141"}],"curies":[{"name":"wp","href":"https:\/\/api.w.org\/{rel}","templated":true}]}}