{"id":189,"date":"2019-02-27T15:04:03","date_gmt":"2019-02-27T14:04:03","guid":{"rendered":"http:\/\/www.ecgard.fr\/wpec\/?page_id=189"},"modified":"2025-07-17T14:07:36","modified_gmt":"2025-07-17T12:07:36","slug":"ecoles-tutelles","status":"publish","type":"page","link":"https:\/\/www.ecgard.fr\/wpec\/ecoles-tutelles\/","title":{"rendered":"Ecoles sous tutelles congr\u00e9ganistes"},"content":{"rendered":"\n<p>L\u2019enseignement catholique du Gard compte 38 \u00e9coles dont 10 sous tutelles congr\u00e9ganistes. <br>Listes des \u00e9coles maternelles et primaires class\u00e9es par commune <\/p>\n\n\n\n<ul class=\"wp-block-list\">\n<li><a rel=\"noreferrer noopener\" aria-label=\"Al\u00e8s -  Notre Dame (s\u2019ouvre dans un nouvel onglet)\" href=\"http:\/\/ndales30100.toutemonecole.fr\/\" target=\"_blank\">Al\u00e8s &#8211;  Notre Dame<\/a> [Congr\u00e9gation de la Pr\u00e9sentation de Marie]<\/li>\n\n\n\n<li><a rel=\"noreferrer noopener\" aria-label=\"Bagnols sur C\u00e8ze - Sainte Marie (s\u2019ouvre dans un nouvel onglet)\" href=\"http:\/\/stemariebagnols.monsite-orange.fr\/\" target=\"_blank\">Bagnols sur C\u00e8ze &#8211; Sainte Marie<\/a> [Congr\u00e9gation des S\u0153urs de la charit\u00e9]<\/li>\n\n\n\n<li><a rel=\"noreferrer noopener\" aria-label=\"Beaucaire - D'Alzon (s\u2019ouvre dans un nouvel onglet)\" href=\"https:\/\/www.dalzon.com\/accueil-beaucaire\/ecole-beaucaire\" target=\"_blank\">Beaucaire &#8211; D&rsquo;Alzon<\/a> [Congr\u00e9gation des Oblates de l&rsquo;Assomption]<\/li>\n\n\n\n<li><a href=\"https:\/\/jeannedarc30127.toutemonecole.fr\/\" target=\"_blank\" rel=\"noreferrer noopener\">Bellegarde &#8211; Jeanne d&rsquo;Arc<\/a> [Congr\u00e9gation de la Pr\u00e9sentation de Marie]<\/li>\n\n\n\n<li><a href=\"https:\/\/www.dalzon.com\/esup-cpge-bts\/colleges\/ecole-du-grau-du-roi\/\">Le Grau du Roi &#8211; D&rsquo;Alzon<\/a> [Congr\u00e9gation des Oblates de l&rsquo;Assomption]<\/li>\n\n\n\n<li><a rel=\"noreferrer noopener\" aria-label=\"N\u00eemes - D'Alzon (s\u2019ouvre dans un nouvel onglet)\" href=\"https:\/\/www.dalzon.com\/accueil-nimes\/ecole-nimes\" target=\"_blank\">N\u00eemes &#8211; D&rsquo;Alzon<\/a> [Congr\u00e9gation des Oblates de l&rsquo;Assomption] <\/li>\n\n\n\n<li><a href=\"https:\/\/www.delasalle-nimes.fr\/%C3%A9cole\" target=\"_blank\" rel=\"noreferrer noopener\">N\u00eemes &#8211; St Jean Baptiste de La Salle <\/a>[Congr\u00e9gation des Fr\u00e8res des Ecoles Chr\u00e9tiennes]<\/li>\n\n\n\n<li><a rel=\"noreferrer noopener\" aria-label=\"N\u00eemes - La Valsainte (s\u2019ouvre dans un nouvel onglet)\" href=\"https:\/\/www.institut-valsainte.fr\/\" target=\"_blank\">N\u00eemes &#8211; La Valsainte<\/a> [Congr\u00e9gation des S\u0153urs de la Charit\u00e9]<\/li>\n\n\n\n<li><a rel=\"noreferrer noopener\" aria-label=\"N\u00eemes - Notre Dame (s\u2019ouvre dans un nouvel onglet)\" href=\"https:\/\/ecolenotredame30.com\/\" target=\"_blank\">N\u00eemes &#8211; Notre Dame<\/a> [Congr\u00e9gation des S\u0153urs de Saint Joseph de Viviers]<\/li>\n\n\n\n<li><a rel=\"noreferrer noopener\" aria-label=\"Sommi\u00e8res - Maintenon (s\u2019ouvre dans un nouvel onglet)\" href=\"http:\/\/www.maintenon.org\/\" target=\"_blank\">Sommi\u00e8res &#8211; Maintenon<\/a> [Congr\u00e9gation des Ursulines de Malet]<\/li>\n\n\n\n<li><a rel=\"noreferrer noopener\" aria-label=\"Uz\u00e8s - Sainte Anne (s\u2019ouvre dans un nouvel onglet)\" href=\"http:\/\/ecolesainteanneuzes.toutemonecole.fr\/\" target=\"_blank\">Uz\u00e8s &#8211; Sainte Anne<\/a> [Congr\u00e9gation des Ursulines de l&rsquo;Union Romaine]<\/li>\n<\/ul>\n\n\n\n<p><\/p>\n","protected":false},"excerpt":{"rendered":"<p>L\u2019enseignement catholique du Gard compte 38 \u00e9coles dont 10 sous tutelles congr\u00e9ganistes. Listes des \u00e9coles maternelles et primaires class\u00e9es par commune<\/p>\n","protected":false},"author":2,"featured_media":0,"parent":0,"menu_order":0,"comment_status":"closed","ping_status":"closed","template":"","meta":{"footnotes":""},"class_list":["post-189","page","type-page","status-publish","hentry"],"_links":{"self":[{"href":"https:\/\/www.ecgard.fr\/wpec\/wp-json\/wp\/v2\/pages\/189","targetHints":{"allow":["GET"]}}],"collection":[{"href":"https:\/\/www.ecgard.fr\/wpec\/wp-json\/wp\/v2\/pages"}],"about":[{"href":"https:\/\/www.ecgard.fr\/wpec\/wp-json\/wp\/v2\/types\/page"}],"author":[{"embeddable":true,"href":"https:\/\/www.ecgard.fr\/wpec\/wp-json\/wp\/v2\/users\/2"}],"replies":[{"embeddable":true,"href":"https:\/\/www.ecgard.fr\/wpec\/wp-json\/wp\/v2\/comments?post=189"}],"version-history":[{"count":6,"href":"https:\/\/www.ecgard.fr\/wpec\/wp-json\/wp\/v2\/pages\/189\/revisions"}],"predecessor-version":[{"id":1743,"href":"https:\/\/www.ecgard.fr\/wpec\/wp-json\/wp\/v2\/pages\/189\/revisions\/1743"}],"wp:attachment":[{"href":"https:\/\/www.ecgard.fr\/wpec\/wp-json\/wp\/v2\/media?parent=189"}],"curies":[{"name":"wp","href":"https:\/\/api.w.org\/{rel}","templated":true}]}}