{"id":194,"date":"2019-02-27T15:35:01","date_gmt":"2019-02-27T14:35:01","guid":{"rendered":"http:\/\/www.ecgard.fr\/wpec\/?page_id=194"},"modified":"2025-10-08T13:39:57","modified_gmt":"2025-10-08T11:39:57","slug":"ecoles-sous-tutelle-diocesaine","status":"publish","type":"page","link":"https:\/\/www.ecgard.fr\/wpec\/ecoles-sous-tutelle-diocesaine\/","title":{"rendered":"Ecoles sous tutelle dioc\u00e9saine"},"content":{"rendered":"\n<p><a rel=\"noreferrer noopener\" href=\"https:\/\/www.ecgard.fr\/wpec\/wp-content\/uploads\/2019\/03\/texte_referencement.pdf\" target=\"_blank\">&gt; Texte de r\u00e9f\u00e9rence des \u00e9tablissements sous tutelle dioc\u00e9saine<\/a><\/p>\n\n\n\n<p>L\u2019enseignement catholique du Gard compte 38 \u00e9coles dont 28 sous tutelle dioc\u00e9saine. <br>Listes des \u00e9coles maternelles et primaires class\u00e9es par commune <\/p>\n\n\n\n<ul class=\"wp-block-list\">\n<li><a rel=\"noreferrer noopener\" aria-label=\"Aimargues - Notre Dame des Gardians (s\u2019ouvre dans un nouvel onglet)\" href=\"https:\/\/www.notredamedesgardians.com\/\" target=\"_blank\">Aimargues &#8211; Notre Dame des Gardians<\/a><\/li>\n\n\n\n<li><a rel=\"noreferrer noopener\" aria-label=\"Al\u00e8s - Saint Eloi (s\u2019ouvre dans un nouvel onglet)\" href=\"http:\/\/sainteloi.toutemonecole.fr\/\" target=\"_blank\">Al\u00e8s &#8211; Saint Eloi<\/a><\/li>\n\n\n\n<li><a rel=\"noreferrer noopener\" aria-label=\"Al\u00e8s - Taisson (s\u2019ouvre dans un nouvel onglet)\" href=\"http:\/\/www.lyceedelasalle.com\/ecole-taisson-ales\" target=\"_blank\">Al\u00e8s &#8211; Taisson<\/a><\/li>\n\n\n\n<li><a rel=\"noreferrer noopener\" aria-label=\"Barjac - Saint Laurent (s\u2019ouvre dans un nouvel onglet)\" href=\"http:\/\/saintlaurentbarjac.blogspot.com\/\" target=\"_blank\">Barjac &#8211; Saint Laurent<\/a><\/li>\n\n\n\n<li><a rel=\"noreferrer noopener\" aria-label=\"Bezouce - Notre Dame (s\u2019ouvre dans un nouvel onglet)\" href=\"https:\/\/www.ecole-notre-dame-bezouce.fr\/\" target=\"_blank\">Bezouce &#8211; Notre Dame<\/a><\/li>\n\n\n\n<li><a rel=\"noreferrer noopener\" aria-label=\"Bouillargues - Charles P\u00e9guy (s\u2019ouvre dans un nouvel onglet)\" href=\"http:\/\/www.ecolecharlespeguy.fr\/\" target=\"_blank\">Bouillargues &#8211; Charles P\u00e9guy<\/a><\/li>\n\n\n\n<li><a rel=\"noreferrer noopener\" aria-label=\"Caissargues - Notre Dame (s\u2019ouvre dans un nouvel onglet)\" href=\"https:\/\/ecole-notre-dame.org\/\" target=\"_blank\">Caissargues &#8211; Notre Dame<\/a><\/li>\n\n\n\n<li>G\u00e9n\u00e9rac &#8211; Saint Louis<\/li>\n\n\n\n<li><a href=\"http:\/\/stpierre.lppasteur.fr\/\">La Grand Combe &#8211; Saint Pierre<\/a><\/li>\n\n\n\n<li><a href=\"http:\/\/saintpierrelevigan.free.fr\" target=\"_blank\" rel=\"noreferrer noopener\">Le Vigan &#8211; Saint Pierre<\/a><\/li>\n\n\n\n<li><a rel=\"noreferrer noopener\" aria-label=\"N\u00eemes - Jehanne des Lys (s\u2019ouvre dans un nouvel onglet)\" href=\"http:\/\/www.jehannedeslys.fr\/\" target=\"_blank\">N\u00eemes &#8211; Jehanne des Lys<\/a><\/li>\n\n\n\n<li><a href=\"https:\/\/www.ecolesaintbaudile.fr\/\" target=\"_blank\" rel=\"noreferrer noopener\">N\u00eemes &#8211; Saint Baudile<\/a><\/li>\n\n\n\n<li><a href=\"https:\/\/www.ecolesaintbaudile.fr\/\" target=\"_blank\" rel=\"noreferrer noopener\">N\u00eemes &#8211; Saint Baudile \/ Annexe : Saint Andr\u00e9<\/a><\/li>\n\n\n\n<li><a rel=\"noreferrer noopener\" aria-label=\"N\u00eemes - Saint Stanislas (s\u2019ouvre dans un nouvel onglet)\" href=\"https:\/\/www.institution-saint-stanislas.fr\/ecole\/\" target=\"_blank\">N\u00eemes &#8211; Saint Stanislas<\/a><\/li>\n\n\n\n<li><a rel=\"noreferrer noopener\" aria-label=\"N\u00eemes - Saint Vincent (s\u2019ouvre dans un nouvel onglet)\" href=\"https:\/\/ecole-saintvincent.fr\/\" target=\"_blank\">N\u00eemes &#8211; Saint Vincent<\/a><\/li>\n\n\n\n<li><a rel=\"noreferrer noopener\" aria-label=\"Pont Saint Esprit - Notre Dame (s\u2019ouvre dans un nouvel onglet)\" href=\"https:\/\/www.ecolenotredame-pontsaintesprit.com\/\" target=\"_blank\">Pont Saint Esprit &#8211; Notre Dame<\/a><\/li>\n\n\n\n<li><a rel=\"noreferrer noopener\" aria-label=\"Rochefort du Gard - Pie XII (s\u2019ouvre dans un nouvel onglet)\" href=\"http:\/\/www.ecolepie12.fr\/\" target=\"_blank\">Rochefort du Gard &#8211; Pie XII<\/a><\/li>\n\n\n\n<li><a href=\"https:\/\/www.stjosephstambroix.fr\/\" target=\"_blank\" rel=\"noreferrer noopener\">Saint Ambroix &#8211; Saint Joseph<\/a><\/li>\n\n\n\n<li><a href=\"https:\/\/www.ecolepriveesaintchristollesales.com\" target=\"_blank\" rel=\"noreferrer noopener\">Saint Christol les Al\u00e8s &#8211; Saint Christophe<\/a><\/li>\n\n\n\n<li><a rel=\"noreferrer noopener\" aria-label=\"Saint Gilles - Li Cigaloun (s\u2019ouvre dans un nouvel onglet)\" href=\"http:\/\/licigaloun.org\/\" target=\"_blank\">Saint Gilles &#8211; Li Cigaloun<\/a><\/li>\n\n\n\n<li><a rel=\"noreferrer noopener\" href=\"https:\/\/www.facebook.com\/people\/Ecole-Catholique-Saint-R%C3%A9gis-Les-Escarieux\/100063812252146\/\" target=\"_blank\">Saint Martin de Valgalgues &#8211; Saint R\u00e9gis Les Escarieux<\/a><\/li>\n\n\n\n<li><a rel=\"noreferrer noopener\" aria-label=\"Saint Quentin la Poterie - La Sainte Famille (s\u2019ouvre dans un nouvel onglet)\" href=\"http:\/\/ecolesaintefamille.blogspot.com\/\" target=\"_blank\">Saint Quentin la Poterie &#8211; La Sainte Famille<\/a><\/li>\n\n\n\n<li><a rel=\"noreferrer noopener\" aria-label=\" (s\u2019ouvre dans un nouvel onglet)\" href=\"http:\/\/ecolejeanpaul2sauve.toutemonecole.fr\/\" target=\"_blank\">Sauve &#8211; Saint Jean-Paul II<\/a><\/li>\n\n\n\n<li><a rel=\"noreferrer noopener\" aria-label=\"Sum\u00e8ne - Saint Joseph Pont Neuf (s\u2019ouvre dans un nouvel onglet)\" href=\"https:\/\/www.ecole-du-pont-neuf.fr\/\" target=\"_blank\">Sum\u00e8ne &#8211; Saint Joseph Pont Neuf<\/a><\/li>\n\n\n\n<li><a href=\"https:\/\/notredamevauvert.toutemonecole.fr\/\" target=\"_blank\" rel=\"noreferrer noopener\">Vauvert &#8211; Notre Dame<\/a><\/li>\n\n\n\n<li><a rel=\"noreferrer noopener\" aria-label=\"Verg\u00e8ze - La Sarrazine (s\u2019ouvre dans un nouvel onglet)\" href=\"https:\/\/www.ecole-la-sarrazine.fr\/\" target=\"_blank\">Verg\u00e8ze &#8211; La Sarrazine<\/a><\/li>\n\n\n\n<li><a rel=\"noreferrer noopener\" aria-label=\"Villeneuve les Avignon - Sancta Maria (s\u2019ouvre dans un nouvel onglet)\" href=\"https:\/\/www.institution-sanctamaria.org\/ecole-1\/\" target=\"_blank\">Villeneuve les Avignon &#8211; Sancta Maria<\/a><\/li>\n<\/ul>\n","protected":false},"excerpt":{"rendered":"<p>&gt; Texte de r\u00e9f\u00e9rence des \u00e9tablissements sous tutelle dioc\u00e9saine L\u2019enseignement catholique du Gard compte 38 \u00e9coles dont 28 sous tutelle dioc\u00e9saine. Listes des \u00e9coles maternelles et primaires class\u00e9es par commune<\/p>\n","protected":false},"author":2,"featured_media":0,"parent":0,"menu_order":0,"comment_status":"closed","ping_status":"closed","template":"","meta":{"footnotes":""},"class_list":["post-194","page","type-page","status-publish","hentry"],"_links":{"self":[{"href":"https:\/\/www.ecgard.fr\/wpec\/wp-json\/wp\/v2\/pages\/194","targetHints":{"allow":["GET"]}}],"collection":[{"href":"https:\/\/www.ecgard.fr\/wpec\/wp-json\/wp\/v2\/pages"}],"about":[{"href":"https:\/\/www.ecgard.fr\/wpec\/wp-json\/wp\/v2\/types\/page"}],"author":[{"embeddable":true,"href":"https:\/\/www.ecgard.fr\/wpec\/wp-json\/wp\/v2\/users\/2"}],"replies":[{"embeddable":true,"href":"https:\/\/www.ecgard.fr\/wpec\/wp-json\/wp\/v2\/comments?post=194"}],"version-history":[{"count":16,"href":"https:\/\/www.ecgard.fr\/wpec\/wp-json\/wp\/v2\/pages\/194\/revisions"}],"predecessor-version":[{"id":1858,"href":"https:\/\/www.ecgard.fr\/wpec\/wp-json\/wp\/v2\/pages\/194\/revisions\/1858"}],"wp:attachment":[{"href":"https:\/\/www.ecgard.fr\/wpec\/wp-json\/wp\/v2\/media?parent=194"}],"curies":[{"name":"wp","href":"https:\/\/api.w.org\/{rel}","templated":true}]}}