{"id":202,"date":"2019-02-27T16:01:30","date_gmt":"2019-02-27T15:01:30","guid":{"rendered":"http:\/\/www.ecgard.fr\/wpec\/?page_id=202"},"modified":"2023-01-18T18:58:56","modified_gmt":"2023-01-18T17:58:56","slug":"lycees-sous-tutelles-congreganistes","status":"publish","type":"page","link":"https:\/\/www.ecgard.fr\/wpec\/lycees-sous-tutelles-congreganistes\/","title":{"rendered":"Lyc\u00e9es sous tutelles congr\u00e9ganistes"},"content":{"rendered":"\n<p> L\u2019enseignement catholique du Gard compte 10 lyc\u00e9es dont 7 sous tutelles congr\u00e9ganistes.<br>Listes des lyc\u00e9es&nbsp;class\u00e9s par commune <\/p>\n\n\n\n<ul class=\"wp-block-list\">\n<li><a rel=\"noreferrer noopener\" aria-label=\"Al\u00e8s - La Salle (s\u2019ouvre dans un nouvel onglet)\" href=\"http:\/\/www.lyceedelasalle.com\/\" target=\"_blank\">Al\u00e8s &#8211; Lyc\u00e9e Polyvalent Saint Jean Baptiste de La Salle<\/a> [Congr\u00e9gation des Fr\u00e8res des Ecoles Chr\u00e9tiennes]<\/li>\n\n\n\n<li><a rel=\"noreferrer noopener\" aria-label=\"Al\u00e8s - Lyc\u00e9e LGT Bellevue - Marie Rivier (s\u2019ouvre dans un nouvel onglet)\" href=\"https:\/\/www.institution-bellevue.fr\/\" target=\"_blank\">Al\u00e8s &#8211; Lyc\u00e9e LGT Bellevue &#8211; Marie Rivier<\/a> [Congr\u00e9gation de la pr\u00e9sentation de Marie]<\/li>\n\n\n\n<li><a rel=\"noreferrer noopener\" aria-label=\"Bagnols sur C\u00e8ze - Sainte Marie (s\u2019ouvre dans un nouvel onglet)\" href=\"http:\/\/www.lppbsm.eu\/\" target=\"_blank\">Bagnols sur C\u00e8ze &#8211; LP Sainte Marie<\/a> [Congr\u00e9gation des S\u0153urs de la Charit\u00e9]<\/li>\n\n\n\n<li><a href=\"https:\/\/www.dalzon.com\/esup-cpge-bts\/lycees\/lycee-de-beaucaire\/\" target=\"_blank\" rel=\"noreferrer noopener\">Beaucaire &#8211; LP Emmanuel D&rsquo;Alzon<\/a> [Congr\u00e9gation des Oblates de l&rsquo;Assomption]<\/li>\n\n\n\n<li><a rel=\"noreferrer noopener\" aria-label=\"N\u00eemes - Lyc\u00e9e Polyvalent Emmanuel D'Alzon (s\u2019ouvre dans un nouvel onglet)\" href=\"https:\/\/www.dalzon.com\/accueil-nimes\/lycee-nimes\" target=\"_blank\">N\u00eemes &#8211; Lyc\u00e9e Polyvalent Emmanuel D&rsquo;Alzon<\/a> [Congr\u00e9gation des Oblates de l&rsquo;Assomption] <\/li>\n\n\n\n<li><a rel=\"noreferrer noopener\" aria-label=\"N\u00eemes - Saint Vincent de Paul (s\u2019ouvre dans un nouvel onglet)\" href=\"https:\/\/www.vincentdepaul30.com\/\" target=\"_blank\">N\u00eemes &#8211; Lyc\u00e9e polyvalent Saint Vincent de Paul<\/a> [Congr\u00e9gation des S\u0153urs de Saint Vincent de Paul]<\/li>\n\n\n\n<li><a href=\"https:\/\/www.dalzon.com\/esup-cpge-bts\/lycees\/lycee-de-vestric\/\" target=\"_blank\" rel=\"noreferrer noopener\">Vestric et Candiac &#8211; LAP Emmanuel D&rsquo;Alzon<\/a> [Congr\u00e9gation des Oblates de l&rsquo;Assomption]  <\/li>\n<\/ul>\n","protected":false},"excerpt":{"rendered":"<p>L\u2019enseignement catholique du Gard compte 10 lyc\u00e9es dont 7 sous tutelles congr\u00e9ganistes.Listes des lyc\u00e9es&nbsp;class\u00e9s par commune<\/p>\n","protected":false},"author":2,"featured_media":0,"parent":0,"menu_order":0,"comment_status":"closed","ping_status":"closed","template":"","meta":{"footnotes":""},"class_list":["post-202","page","type-page","status-publish","hentry"],"_links":{"self":[{"href":"https:\/\/www.ecgard.fr\/wpec\/wp-json\/wp\/v2\/pages\/202","targetHints":{"allow":["GET"]}}],"collection":[{"href":"https:\/\/www.ecgard.fr\/wpec\/wp-json\/wp\/v2\/pages"}],"about":[{"href":"https:\/\/www.ecgard.fr\/wpec\/wp-json\/wp\/v2\/types\/page"}],"author":[{"embeddable":true,"href":"https:\/\/www.ecgard.fr\/wpec\/wp-json\/wp\/v2\/users\/2"}],"replies":[{"embeddable":true,"href":"https:\/\/www.ecgard.fr\/wpec\/wp-json\/wp\/v2\/comments?post=202"}],"version-history":[{"count":7,"href":"https:\/\/www.ecgard.fr\/wpec\/wp-json\/wp\/v2\/pages\/202\/revisions"}],"predecessor-version":[{"id":641,"href":"https:\/\/www.ecgard.fr\/wpec\/wp-json\/wp\/v2\/pages\/202\/revisions\/641"}],"wp:attachment":[{"href":"https:\/\/www.ecgard.fr\/wpec\/wp-json\/wp\/v2\/media?parent=202"}],"curies":[{"name":"wp","href":"https:\/\/api.w.org\/{rel}","templated":true}]}}