{"id":206,"date":"2019-02-27T16:19:09","date_gmt":"2019-02-27T15:19:09","guid":{"rendered":"http:\/\/www.ecgard.fr\/wpec\/?page_id=206"},"modified":"2023-01-18T18:52:14","modified_gmt":"2023-01-18T17:52:14","slug":"lycees-sous-tutelle-diocesaine","status":"publish","type":"page","link":"https:\/\/www.ecgard.fr\/wpec\/lycees-sous-tutelle-diocesaine\/","title":{"rendered":"Lyc\u00e9es sous tutelle dioc\u00e9saine"},"content":{"rendered":"\n<p><a rel=\"noreferrer noopener\" href=\"https:\/\/www.ecgard.fr\/wpec\/wp-content\/uploads\/2019\/03\/texte_referencement.pdf\" target=\"_blank\">> Texte de r\u00e9f\u00e9rence  pour les \u00e9tablissements sous tutelle dioc\u00e9saine<\/a><\/p>\n\n\n\n<p>L\u2019enseignement catholique du Gard compte 10 lyc\u00e9es dont 3 sous tutelle dioc\u00e9saine.<br>Listes des lyc\u00e9es&nbsp;class\u00e9s par commune <br><br><\/p>\n\n\n\n<ul class=\"wp-block-list\">\n<li><a rel=\"noreferrer noopener\" aria-label=\"Al\u00e8s - LP Le C\u00e9venol (s\u2019ouvre dans un nouvel onglet)\" href=\"http:\/\/www.lppcevenol.com\/\" target=\"_blank\">Al\u00e8s &#8211; LP Le C\u00e9venol<\/a><\/li>\n\n\n\n<li><a href=\"http:\/\/www.lppasteur.fr\/\" target=\"_blank\" rel=\"noreferrer noopener\" aria-label=\"La Grand Combe - LP Pasteur (s\u2019ouvre dans un nouvel onglet)\">La Grand Combe &#8211; LP Pasteur<\/a><\/li>\n\n\n\n<li><a rel=\"noreferrer noopener\" aria-label=\"N\u00eemes - LGT Saint Stanislas (s\u2019ouvre dans un nouvel onglet)\" href=\"https:\/\/www.institution-saint-stanislas.fr\/\" target=\"_blank\">N\u00eemes &#8211; LGT Saint Stanislas<\/a><\/li>\n<\/ul>\n\n\n\n<p>LGT : Lyc\u00e9e d&rsquo;enseignement G\u00e9n\u00e9ral et Technologique<br>LP : Lyc\u00e9e Professionnel<br>LAP : Lyc\u00e9e Agricole Priv\u00e9<br><br><\/p>\n\n\n\n<p><\/p>\n","protected":false},"excerpt":{"rendered":"<p>> Texte de r\u00e9f\u00e9rence pour les \u00e9tablissements sous tutelle dioc\u00e9saine L\u2019enseignement catholique du Gard compte 10 lyc\u00e9es dont 3 sous tutelle dioc\u00e9saine.Listes des lyc\u00e9es&nbsp;class\u00e9s par commune LGT : Lyc\u00e9e d&rsquo;enseignement G\u00e9n\u00e9ral et TechnologiqueLP : Lyc\u00e9e ProfessionnelLAP : Lyc\u00e9e Agricole Priv\u00e9<\/p>\n","protected":false},"author":2,"featured_media":0,"parent":0,"menu_order":0,"comment_status":"closed","ping_status":"closed","template":"","meta":{"footnotes":""},"class_list":["post-206","page","type-page","status-publish","hentry"],"_links":{"self":[{"href":"https:\/\/www.ecgard.fr\/wpec\/wp-json\/wp\/v2\/pages\/206","targetHints":{"allow":["GET"]}}],"collection":[{"href":"https:\/\/www.ecgard.fr\/wpec\/wp-json\/wp\/v2\/pages"}],"about":[{"href":"https:\/\/www.ecgard.fr\/wpec\/wp-json\/wp\/v2\/types\/page"}],"author":[{"embeddable":true,"href":"https:\/\/www.ecgard.fr\/wpec\/wp-json\/wp\/v2\/users\/2"}],"replies":[{"embeddable":true,"href":"https:\/\/www.ecgard.fr\/wpec\/wp-json\/wp\/v2\/comments?post=206"}],"version-history":[{"count":4,"href":"https:\/\/www.ecgard.fr\/wpec\/wp-json\/wp\/v2\/pages\/206\/revisions"}],"predecessor-version":[{"id":636,"href":"https:\/\/www.ecgard.fr\/wpec\/wp-json\/wp\/v2\/pages\/206\/revisions\/636"}],"wp:attachment":[{"href":"https:\/\/www.ecgard.fr\/wpec\/wp-json\/wp\/v2\/media?parent=206"}],"curies":[{"name":"wp","href":"https:\/\/api.w.org\/{rel}","templated":true}]}}