{"id":215,"date":"2019-03-01T14:35:31","date_gmt":"2019-03-01T13:35:31","guid":{"rendered":"http:\/\/www.ecgard.fr\/wpec\/?page_id=215"},"modified":"2023-11-13T08:35:21","modified_gmt":"2023-11-13T07:35:21","slug":"colleges-sous-tutelle-diocesaine","status":"publish","type":"page","link":"https:\/\/www.ecgard.fr\/wpec\/colleges-sous-tutelle-diocesaine\/","title":{"rendered":"Coll\u00e8ges sous tutelle dioc\u00e9saine"},"content":{"rendered":"\n<p><a rel=\"noreferrer noopener\" href=\"https:\/\/www.ecgard.fr\/wpec\/wp-content\/uploads\/2019\/03\/texte_referencement.pdf\" target=\"_blank\">&gt; Texte de r\u00e9f\u00e9rence des \u00e9tablissements sous tutelle dioc\u00e9saine<\/a><\/p>\n\n\n\n<p>L\u2019enseignement catholique du Gard compte 16 coll\u00e8ges dont 8 sous tutelle dioc\u00e9saine.<br>Liste des coll\u00e8ges class\u00e9s par commune<\/p>\n\n\n\n<ul class=\"wp-block-list\">\n<li><a rel=\"noreferrer noopener\" aria-label=\"Al\u00e8s - Taisson (s\u2019ouvre dans un nouvel onglet)\" href=\"http:\/\/www.lyceedelasalle.com\/college-taisson-ales\" target=\"_blank\">Al\u00e8s &#8211; Taisson<\/a><\/li>\n\n\n\n<li><a rel=\"noreferrer noopener\" aria-label=\"Bagnols sur C\u00e8ze - Saint Jean (s\u2019ouvre dans un nouvel onglet)\" href=\"https:\/\/www.collegesaintjean.fr\/\" target=\"_blank\">Bagnols sur C\u00e8ze &#8211; Saint Jean<\/a><\/li>\n\n\n\n<li><a rel=\"noreferrer noopener\" aria-label=\"La Grand Combe - Villa B\u00e9chard (s\u2019ouvre dans un nouvel onglet)\" href=\"http:\/\/collegevillabechard.over-blog.com\/\" target=\"_blank\">La Grand Combe &#8211; Villa B\u00e9chard<\/a><\/li>\n\n\n\n<li><a href=\"https:\/\/www.institutionststanislas.org\/\" target=\"_blank\" rel=\"noreferrer noopener\">N\u00eemes &#8211; Saint Stanislas<\/a><\/li>\n\n\n\n<li><a rel=\"noreferrer noopener\" aria-label=\"Pont Saint Esprit - Notre Dame (s\u2019ouvre dans un nouvel onglet)\" href=\"http:\/\/www.collegenotredame-pontsaintesprit.com\/\" target=\"_blank\">Pont Saint Esprit &#8211; Notre Dame<\/a><\/li>\n\n\n\n<li><a href=\"https:\/\/www.stjosephstambroix.fr\/\">Saint Ambroix &#8211; Saint Joseph<\/a><\/li>\n\n\n\n<li><a rel=\"noreferrer noopener\" aria-label=\"Uz\u00e8s - Saint Firmin (s\u2019ouvre dans un nouvel onglet)\" href=\"https:\/\/www.college-st-firmin.fr\/\" target=\"_blank\">Uz\u00e8s &#8211; Saint Firmin<\/a><\/li>\n\n\n\n<li><a href=\"https:\/\/www.institution-sanctamaria.org\/\" target=\"_blank\" rel=\"noreferrer noopener\" aria-label=\"Villeneuve les Avignon - Sancta Maria (s\u2019ouvre dans un nouvel onglet)\">Villeneuve les Avignon &#8211; Sancta Maria<\/a><\/li>\n<\/ul>\n","protected":false},"excerpt":{"rendered":"<p>&gt; Texte de r\u00e9f\u00e9rence des \u00e9tablissements sous tutelle dioc\u00e9saine L\u2019enseignement catholique du Gard compte 16 coll\u00e8ges dont 8 sous tutelle dioc\u00e9saine.Liste des coll\u00e8ges class\u00e9s par commune<\/p>\n","protected":false},"author":2,"featured_media":0,"parent":0,"menu_order":0,"comment_status":"closed","ping_status":"closed","template":"","meta":{"footnotes":""},"class_list":["post-215","page","type-page","status-publish","hentry"],"_links":{"self":[{"href":"https:\/\/www.ecgard.fr\/wpec\/wp-json\/wp\/v2\/pages\/215","targetHints":{"allow":["GET"]}}],"collection":[{"href":"https:\/\/www.ecgard.fr\/wpec\/wp-json\/wp\/v2\/pages"}],"about":[{"href":"https:\/\/www.ecgard.fr\/wpec\/wp-json\/wp\/v2\/types\/page"}],"author":[{"embeddable":true,"href":"https:\/\/www.ecgard.fr\/wpec\/wp-json\/wp\/v2\/users\/2"}],"replies":[{"embeddable":true,"href":"https:\/\/www.ecgard.fr\/wpec\/wp-json\/wp\/v2\/comments?post=215"}],"version-history":[{"count":10,"href":"https:\/\/www.ecgard.fr\/wpec\/wp-json\/wp\/v2\/pages\/215\/revisions"}],"predecessor-version":[{"id":637,"href":"https:\/\/www.ecgard.fr\/wpec\/wp-json\/wp\/v2\/pages\/215\/revisions\/637"}],"wp:attachment":[{"href":"https:\/\/www.ecgard.fr\/wpec\/wp-json\/wp\/v2\/media?parent=215"}],"curies":[{"name":"wp","href":"https:\/\/api.w.org\/{rel}","templated":true}]}}