{"id":31,"date":"2018-10-23T14:37:15","date_gmt":"2018-10-23T12:37:15","guid":{"rendered":"http:\/\/www.ecgard.fr\/wpec\/?page_id=31"},"modified":"2026-03-31T10:12:39","modified_gmt":"2026-03-31T08:12:39","slug":"direction-diocesaine-de-lenseignement-catholique","status":"publish","type":"page","link":"https:\/\/www.ecgard.fr\/wpec\/direction-diocesaine-de-lenseignement-catholique\/","title":{"rendered":"Direction Dioc\u00e9saine de l&rsquo;Enseignement Catholique"},"content":{"rendered":"\n<p>Direction dioc\u00e9saine de l&rsquo;Enseignement Catholique du Gard<br> 24 rue Bri\u00e7onnet <br> 30000 NIMES <\/p>\n\n\n\n<p>T\u00e9l\u00e9phone : 04 66 04 94 20<br>\nE-mail : <a href=\"mailto:secretariatddec30@gmail.com\">secretariatddec30@gmail.com<\/a><\/p>\n\n\n\n<p>Le Directeur dioc\u00e9sain a mission d&rsquo;assurer la coordination de l&rsquo;ensemble des \u00e9coles catholiques et d&rsquo;animer le r\u00e9seau des \u00e9tablissements pr\u00e9sents dans le dioc\u00e8se, afin de favoriser coh\u00e9rence et communion.<\/p>\n\n\n\n<div class=\"wp-block-columns is-layout-flex wp-container-core-columns-is-layout-9d6595d7 wp-block-columns-is-layout-flex\">\n<div class=\"wp-block-column is-layout-flow wp-block-column-is-layout-flow\" style=\"flex-basis:100%\">\n<figure class=\"wp-block-table\"><table><tbody><tr><td><figure><img loading=\"lazy\" decoding=\"async\" class=\"alignnone size-full wp-image-83\" src=\"https:\/\/www.ecgard.fr\/wpec\/wp-content\/uploads\/2018\/10\/j_martine.jpg\" alt=\"\" width=\"150\" height=\"167\"><\/figure><\/td><td><span style=\"color: #808080;\"><strong>J<\/strong><strong style=\"font-family: inherit; font-size: inherit;\">\u00e9r\u00f4me Martine<\/strong><strong><br><br><\/strong><\/span><span class=\"chemin\">Directeur dioc\u00e9sain<\/span><br><br><\/td><\/tr><tr><td><strong><figure><img loading=\"lazy\" decoding=\"async\" class=\"alignnone wp-image-86\" src=\"https:\/\/www.ecgard.fr\/wpec\/wp-content\/uploads\/2018\/10\/v_leroy.jpg\" alt=\"\" width=\"146\" height=\"190\"><\/figure><\/strong><\/td><td><span style=\"color: #808080;\"><strong>Val\u00e9rie Leroy-G\u00e9rard<\/strong><\/span><p><\/p>\n<p><span class=\"chemin\">Adjointe au directeur dioc\u00e9sain, plus particuli\u00e8rement charg\u00e9e du premier degr\u00e9, du suivi des enfants \u00e0 besoins \u00e9ducatifs particuliers, de l&rsquo;accompagnement de l&rsquo;\u00e9ducation inclusive.<\/span><br>\n<a href=\"mailto:pedashddec30@gmail.com\" target=\"_blank\" rel=\"noopener noreferrer\">pedashddec30@gmail.com<\/a><\/p><\/td><\/tr><tr><td><figure><img loading=\"lazy\" decoding=\"async\" class=\"alignnone size-full wp-image-82\" src=\"https:\/\/www.ecgard.fr\/wpec\/wp-content\/uploads\/2018\/10\/a_novel.jpg\" alt=\"\" width=\"150\" height=\"167\"><\/figure><\/td><td><span style=\"color: #808080;\"><strong>Alain Novel<\/strong><\/span><p><\/p>\n<p><span class=\"chemin\">Adjoint au directeur dioc\u00e9sain&nbsp;<\/span><span class=\"chemin\">en pastorale scolaire<\/span><br>\n<a href=\"mailto:pastoraleddec30@gmail.com\" target=\"_blank\" rel=\"noopener noreferrer\">pastoraleddec30@gmail.com<\/a><\/p><\/td><\/tr><tr><td><figure><img loading=\"lazy\" decoding=\"async\" class=\"alignnone size-full wp-image-85\" src=\"https:\/\/www.ecgard.fr\/wpec\/wp-content\/uploads\/2018\/10\/s_serviere.jpg\" alt=\"\" width=\"150\" height=\"167\"><\/figure><\/td><td><span style=\"color: #808080;\"><strong>Sarah Servi\u00e8re<\/strong><\/span><p><\/p>\n<p><span class=\"chemin\">Secr\u00e9taire de direction<\/span><br>\n<a href=\"mailto:secretariatddec30@gmail.com\" target=\"_blank\" rel=\"noopener noreferrer\">secretariatddec30@gmail.com<\/a><\/p><\/td><\/tr><\/tbody><\/table><\/figure>\n<\/div>\n<\/div>\n","protected":false},"excerpt":{"rendered":"<p>Direction dioc\u00e9saine de l&rsquo;Enseignement Catholique du Gard 24 rue Bri\u00e7onnet 30000 NIMES T\u00e9l\u00e9phone : 04 66 04 94 20 E-mail : secretariatddec30@gmail.com Le Directeur dioc\u00e9sain a mission d&rsquo;assurer la coordination de l&rsquo;ensemble des \u00e9coles catholiques et d&rsquo;animer le r\u00e9seau des \u00e9tablissements pr\u00e9sents dans le dioc\u00e8se, afin de favoriser coh\u00e9rence et communion. J\u00e9r\u00f4me [&#8230;]<\/p>\n","protected":false},"author":2,"featured_media":0,"parent":0,"menu_order":0,"comment_status":"closed","ping_status":"closed","template":"","meta":{"footnotes":""},"class_list":["post-31","page","type-page","status-publish","hentry"],"_links":{"self":[{"href":"https:\/\/www.ecgard.fr\/wpec\/wp-json\/wp\/v2\/pages\/31","targetHints":{"allow":["GET"]}}],"collection":[{"href":"https:\/\/www.ecgard.fr\/wpec\/wp-json\/wp\/v2\/pages"}],"about":[{"href":"https:\/\/www.ecgard.fr\/wpec\/wp-json\/wp\/v2\/types\/page"}],"author":[{"embeddable":true,"href":"https:\/\/www.ecgard.fr\/wpec\/wp-json\/wp\/v2\/users\/2"}],"replies":[{"embeddable":true,"href":"https:\/\/www.ecgard.fr\/wpec\/wp-json\/wp\/v2\/comments?post=31"}],"version-history":[{"count":9,"href":"https:\/\/www.ecgard.fr\/wpec\/wp-json\/wp\/v2\/pages\/31\/revisions"}],"predecessor-version":[{"id":1996,"href":"https:\/\/www.ecgard.fr\/wpec\/wp-json\/wp\/v2\/pages\/31\/revisions\/1996"}],"wp:attachment":[{"href":"https:\/\/www.ecgard.fr\/wpec\/wp-json\/wp\/v2\/media?parent=31"}],"curies":[{"name":"wp","href":"https:\/\/api.w.org\/{rel}","templated":true}]}}