{"id":41,"date":"2018-10-23T14:45:01","date_gmt":"2018-10-23T12:45:01","guid":{"rendered":"http:\/\/www.ecgard.fr\/wpec\/?page_id=41"},"modified":"2023-01-04T08:45:41","modified_gmt":"2023-01-04T07:45:41","slug":"codiec","status":"publish","type":"page","link":"https:\/\/www.ecgard.fr\/wpec\/codiec\/","title":{"rendered":"CODIEC"},"content":{"rendered":"<p style=\"text-align: justify;\">Comit\u00e9 Dioc\u00e9sain de l\u2019Enseignement Catholique<br \/>\nAu service de tous les \u00e9tablissements catholiques d\u2019enseignement implant\u00e9s dans le dioc\u00e8se, le CODIEC d\u00e9termine, \u00e0 partir des orientations dioc\u00e9saines, la politique de l\u2019Enseignement catholique du dioc\u00e8se :<br \/>\n&#8211; en choisissant les voies et moyens de la mise en \u0153uvre des orientations dioc\u00e9saines ;<br \/>\n&#8211; en articulant les priorit\u00e9s dioc\u00e9saines de l\u2019Enseignement catholique avec les choix arr\u00eat\u00e9s en CAEC ;<br \/>\n&#8211; en inscrivant les choix retenus pour l\u2019Enseignement catholique du dioc\u00e8se dans les perspectives plus larges de l\u2019Enseignement catholique national et de la vie de l\u2019Eglise universelle.<\/p>\n<p style=\"text-align: justify;\"><span style=\"color: #ff00ff;\">\u21d2<\/span> Le pr\u00e9sident du CODIEC est Monseigneur Nicolas Brouwet, \u00e9v\u00eaque de N\u00eemes<\/p>\n","protected":false},"excerpt":{"rendered":"<p>Comit\u00e9 Dioc\u00e9sain de l\u2019Enseignement Catholique Au service de tous les \u00e9tablissements catholiques d\u2019enseignement implant\u00e9s dans le dioc\u00e8se, le CODIEC d\u00e9termine, \u00e0 partir des orientations dioc\u00e9saines, la politique de l\u2019Enseignement catholique du dioc\u00e8se : &#8211; en choisissant les voies et moyens de la mise en \u0153uvre des orientations dioc\u00e9saines ; &#8211; en articulant [&#8230;]<\/p>\n","protected":false},"author":2,"featured_media":0,"parent":0,"menu_order":0,"comment_status":"closed","ping_status":"closed","template":"","meta":{"footnotes":""},"class_list":["post-41","page","type-page","status-publish","hentry"],"_links":{"self":[{"href":"https:\/\/www.ecgard.fr\/wpec\/wp-json\/wp\/v2\/pages\/41","targetHints":{"allow":["GET"]}}],"collection":[{"href":"https:\/\/www.ecgard.fr\/wpec\/wp-json\/wp\/v2\/pages"}],"about":[{"href":"https:\/\/www.ecgard.fr\/wpec\/wp-json\/wp\/v2\/types\/page"}],"author":[{"embeddable":true,"href":"https:\/\/www.ecgard.fr\/wpec\/wp-json\/wp\/v2\/users\/2"}],"replies":[{"embeddable":true,"href":"https:\/\/www.ecgard.fr\/wpec\/wp-json\/wp\/v2\/comments?post=41"}],"version-history":[{"count":8,"href":"https:\/\/www.ecgard.fr\/wpec\/wp-json\/wp\/v2\/pages\/41\/revisions"}],"predecessor-version":[{"id":538,"href":"https:\/\/www.ecgard.fr\/wpec\/wp-json\/wp\/v2\/pages\/41\/revisions\/538"}],"wp:attachment":[{"href":"https:\/\/www.ecgard.fr\/wpec\/wp-json\/wp\/v2\/media?parent=41"}],"curies":[{"name":"wp","href":"https:\/\/api.w.org\/{rel}","templated":true}]}}