{"id":43,"date":"2018-10-23T14:45:14","date_gmt":"2018-10-23T12:45:14","guid":{"rendered":"http:\/\/www.ecgard.fr\/wpec\/?page_id=43"},"modified":"2026-03-30T11:18:44","modified_gmt":"2026-03-30T09:18:44","slug":"udogec","status":"publish","type":"page","link":"https:\/\/www.ecgard.fr\/wpec\/udogec\/","title":{"rendered":"UDOGEC"},"content":{"rendered":"\n<p>Union D\u00e9partementale des Organismes de Gestion de l&rsquo;Enseignement Catholique<br> 24 rue Bri\u00e7onnet <br> 30000 NIMES <\/p>\n\n\n\n<p>T\u00e9l\u00e9phone : 04 48 27 00 95<br> E-mail : <a href=\"mailto:udogec30@udogec30.com\">udogec30@udogec30.com<\/a><\/p>\n\n\n\n<p>Les O.G.E.C. (Organisme de Gestion de l&rsquo;Enseignement Catholique) sont regroup\u00e9s en UDOGEC au niveau d\u00e9partemental.<\/p>\n\n\n\n<p>L\u2019Organisme de gestion (OGEC) a la responsabilit\u00e9 de la gestion \u00e9conomique, financi\u00e8re et sociale d\u2019un \u00e9tablissement ; il exerce conform\u00e9ment aux projets de l\u2019\u00e9cole, aux orientations de l\u2019autorit\u00e9 de tutelle et aux textes internes \u00e0 l\u2019Enseignement catholique. Il contribue \u00e0 assurer la mise en \u0153uvre mat\u00e9rielle du projet \u00e9ducatif. Il est l\u2019employeur des personnels de droit priv\u00e9.<\/p>\n\n\n\n<p><span style=\"color: #ff00ff;\">\u21d2<\/span> Le pr\u00e9sident de l&rsquo;UDOGEC est Monsieur Jean-Paul Bournonville<\/p>\n","protected":false},"excerpt":{"rendered":"<p>Union D\u00e9partementale des Organismes de Gestion de l&rsquo;Enseignement Catholique 24 rue Bri\u00e7onnet 30000 NIMES T\u00e9l\u00e9phone : 04 48 27 00 95 E-mail : udogec30@udogec30.com Les O.G.E.C. (Organisme de Gestion de l&rsquo;Enseignement Catholique) sont regroup\u00e9s en UDOGEC au niveau d\u00e9partemental. L\u2019Organisme de gestion (OGEC) a la responsabilit\u00e9 de la gestion \u00e9conomique, financi\u00e8re et [&#8230;]<\/p>\n","protected":false},"author":2,"featured_media":0,"parent":0,"menu_order":0,"comment_status":"closed","ping_status":"closed","template":"","meta":{"footnotes":""},"class_list":["post-43","page","type-page","status-publish","hentry"],"_links":{"self":[{"href":"https:\/\/www.ecgard.fr\/wpec\/wp-json\/wp\/v2\/pages\/43","targetHints":{"allow":["GET"]}}],"collection":[{"href":"https:\/\/www.ecgard.fr\/wpec\/wp-json\/wp\/v2\/pages"}],"about":[{"href":"https:\/\/www.ecgard.fr\/wpec\/wp-json\/wp\/v2\/types\/page"}],"author":[{"embeddable":true,"href":"https:\/\/www.ecgard.fr\/wpec\/wp-json\/wp\/v2\/users\/2"}],"replies":[{"embeddable":true,"href":"https:\/\/www.ecgard.fr\/wpec\/wp-json\/wp\/v2\/comments?post=43"}],"version-history":[{"count":8,"href":"https:\/\/www.ecgard.fr\/wpec\/wp-json\/wp\/v2\/pages\/43\/revisions"}],"predecessor-version":[{"id":1994,"href":"https:\/\/www.ecgard.fr\/wpec\/wp-json\/wp\/v2\/pages\/43\/revisions\/1994"}],"wp:attachment":[{"href":"https:\/\/www.ecgard.fr\/wpec\/wp-json\/wp\/v2\/media?parent=43"}],"curies":[{"name":"wp","href":"https:\/\/api.w.org\/{rel}","templated":true}]}}