{"id":45,"date":"2018-10-23T14:45:41","date_gmt":"2018-10-23T12:45:41","guid":{"rendered":"http:\/\/www.ecgard.fr\/wpec\/?page_id=45"},"modified":"2024-08-26T09:10:14","modified_gmt":"2024-08-26T07:10:14","slug":"apel-departementale","status":"publish","type":"page","link":"https:\/\/www.ecgard.fr\/wpec\/apel-departementale\/","title":{"rendered":"APEL D\u00e9partementale"},"content":{"rendered":"<p><span class=\"titre1\">A.P.E.L. D\u00e9partementale<br \/>\n<\/span>24 rue Bri\u00e7onnet &#8211; BP 90 148<br \/>\n30011 NIMES Esplanade<\/p>\n<p>E-mail : <a href=\"mailto:apeldugard@gmail.com\">apeldugard@gmail.com<\/a><\/p>\n<p style=\"text-align: justify;\"><span class=\"normal\"><a href=\"https:\/\/www.apel.fr\/\" target=\"_blank\" rel=\"noopener noreferrer\"><img loading=\"lazy\" decoding=\"async\" class=\"alignright wp-image-67 size-full\" title=\"Association de parents d\u2019\u00e9l\u00e8ves de l\u2019enseignement libre\" src=\"https:\/\/www.ecgard.fr\/wpec\/wp-content\/uploads\/2018\/10\/apel_logo.png\" alt=\"Association de parents d\u2019\u00e9l\u00e8ves de l\u2019enseignement libre\" width=\"262\" height=\"192\" \/><\/a>L&rsquo;Association des Parents d&rsquo;El\u00e8ves de l&rsquo;enseignement Libre D\u00e9partementale regroupe les APEL d\u2019\u00e9tablissement. Elle repr\u00e9sente les parents d\u2019\u00e9l\u00e8ves aupr\u00e8s des instances d\u00e9partementales des pouvoirs publics et de l\u2019Enseignement catholique. Elle assure \u00e9galement la formation des responsables d\u2019APEL d\u2019\u00e9tablissement et des parents responsables des BDI (Bureau de Documentation et d&rsquo;Information).<\/span><\/p>\n<p class=\"normal\" style=\"text-align: justify;\">L&rsquo;Association des Parents d\u2019\u00e9l\u00e8ves de l\u2019Enseignement Libre repr\u00e9sente les parents au sein du Conseil d\u2019\u00e9tablissement, des Conseils de classe et est membre de droit du Conseil d\u2019administration des organismes de gestion des \u00e9tablissements (OGEC). Elle repr\u00e9sente \u00e9galement les parents aupr\u00e8s des maires de chaque commune. En rassemblant les parents, l&rsquo;APEL leur permet d&rsquo;exercer pleinement leur r\u00f4le dans la communaut\u00e9 \u00e9ducative.<\/p>\n<p style=\"text-align: justify;\"><span style=\"color: #ff00ff;\">\u21d2<\/span> La pr\u00e9sidente de l&rsquo;APEL D\u00e9partementale est Madame Purificacion Queimano<\/p>\n","protected":false},"excerpt":{"rendered":"<p>A.P.E.L. D\u00e9partementale 24 rue Bri\u00e7onnet &#8211; BP 90 148 30011 NIMES Esplanade E-mail : apeldugard@gmail.com L&rsquo;Association des Parents d&rsquo;El\u00e8ves de l&rsquo;enseignement Libre D\u00e9partementale regroupe les APEL d\u2019\u00e9tablissement. Elle repr\u00e9sente les parents d\u2019\u00e9l\u00e8ves aupr\u00e8s des instances d\u00e9partementales des pouvoirs publics et de l\u2019Enseignement catholique. Elle assure \u00e9galement la formation des responsables d\u2019APEL d\u2019\u00e9tablissement [&#8230;]<\/p>\n","protected":false},"author":2,"featured_media":0,"parent":0,"menu_order":0,"comment_status":"closed","ping_status":"closed","template":"","meta":{"footnotes":""},"class_list":["post-45","page","type-page","status-publish","hentry"],"_links":{"self":[{"href":"https:\/\/www.ecgard.fr\/wpec\/wp-json\/wp\/v2\/pages\/45","targetHints":{"allow":["GET"]}}],"collection":[{"href":"https:\/\/www.ecgard.fr\/wpec\/wp-json\/wp\/v2\/pages"}],"about":[{"href":"https:\/\/www.ecgard.fr\/wpec\/wp-json\/wp\/v2\/types\/page"}],"author":[{"embeddable":true,"href":"https:\/\/www.ecgard.fr\/wpec\/wp-json\/wp\/v2\/users\/2"}],"replies":[{"embeddable":true,"href":"https:\/\/www.ecgard.fr\/wpec\/wp-json\/wp\/v2\/comments?post=45"}],"version-history":[{"count":10,"href":"https:\/\/www.ecgard.fr\/wpec\/wp-json\/wp\/v2\/pages\/45\/revisions"}],"predecessor-version":[{"id":1305,"href":"https:\/\/www.ecgard.fr\/wpec\/wp-json\/wp\/v2\/pages\/45\/revisions\/1305"}],"wp:attachment":[{"href":"https:\/\/www.ecgard.fr\/wpec\/wp-json\/wp\/v2\/media?parent=45"}],"curies":[{"name":"wp","href":"https:\/\/api.w.org\/{rel}","templated":true}]}}